{"id":435,"date":"2022-04-27T19:58:18","date_gmt":"2022-04-27T16:58:18","guid":{"rendered":"http:\/\/www.turunsarjakuvakerho.net\/?page_id=435"},"modified":"2024-03-17T11:49:31","modified_gmt":"2024-03-17T09:49:31","slug":"turun-sarjakuvakerho-ryn-saannot","status":"publish","type":"page","link":"https:\/\/turunsarjakuvaseura.fi\/wordpress\/en\/turun-sarjakuvakerho-ryn-saannot\/","title":{"rendered":"Turun Sarjakuvaseura ry:n s\u00e4\u00e4nn\u00f6t"},"content":{"rendered":"\n<p><strong>1. Yhdistyksen nimi ja kotipaikka<\/strong><\/p>\n\n\n\n<p>Yhdistyksen nimi on <em>Turun sarjakuvaseura ry<\/em> ja kotipaikka Turku.<\/p>\n\n\n\n<p><strong>2. Yhdistyksen tarkoitus<\/strong><\/p>\n\n\n\n<p>Yhdistyksen tarkoituksena on edist\u00e4\u00e4 sarjakuvakulttuuria erityisesti Turun alueella ja edist\u00e4\u00e4 sarjakuvan tekij\u00f6iden, harrastajien ja muiden sarjakuva-alan toimijoiden v\u00e4list\u00e4 yhteydenpitoa ja vuorovaikutusta.<\/p>\n\n\n\n<p>Tarkoituksensa toteuttamiseksi yhdistys hankkii ja yll\u00e4pit\u00e4\u00e4 yhteyksi\u00e4 muihin vastaaviin koti- ja ulkomaisiin yhdistyksiin, j\u00e4rjest\u00e4\u00e4 yleis\u00f6- ja j\u00e4sentilaisuuksia sek\u00e4 koulutusta, osallistuu erilaisiin tapahtumiin ja harjoittaa tiedotus-, n\u00e4yttely-, tutkimus- ja julkaisutoimintaa.<\/p>\n\n\n\n<p>Yhdistys voi omistaa toimintaansa varten kiinte\u00e4\u00e4 ja irtainta omaisuutta sek\u00e4 toimintansa tukemiseksi harjoittaa kahvila- ja ravintolatoimintaa yhdess\u00e4 liikepaikassa, j\u00e4rjest\u00e4\u00e4 myyj\u00e4isi\u00e4 ja maksullisia yleis\u00f6tilaisuuksia sek\u00e4 ottaa vastaan lahjoituksia ja testamentteja.<\/p>\n\n\n\n<p>Yhdistys hankkii toimintaansa varten asianmukaisen luvan.<\/p>\n\n\n\n<p><strong>3. Yhdistyksen j\u00e4senet<\/strong><\/p>\n\n\n\n<p><strong>Varsinaiset j\u00e4senet<\/strong><\/p>\n\n\n\n<p>Yhdistyksen varsinainen j\u00e4sen voi olla henkil\u00f6, rekister\u00f6ity s\u00e4\u00e4ti\u00f6 tai oikeuskelpoinen yhteis\u00f6, joka hyv\u00e4ksyy yhdistyksen tarkoituksen ja s\u00e4\u00e4nn\u00f6t. J\u00e4senanomukset hyv\u00e4ksyy yhdistyksen hallitus. Jos j\u00e4sen haluaa erota yhdistyksest\u00e4, h\u00e4nen on ilmoitettava siit\u00e4 kirjallisesti yhdistyksen hallitukselle tai sen puheenjohtajalle tai ilmoittamalla siit\u00e4 yhdistyksen kokouksen p\u00f6yt\u00e4kirjaan. Yhdistyksen kokous voi 3\/4 \u00e4\u00e4nten enemmist\u00f6ll\u00e4 erottaa j\u00e4senen, joka toimii yhdistyksen tarkoitusperi\u00e4 vastaan. J\u00e4sen katsotaan eronneeksi, mik\u00e4li h\u00e4n ei ole suorittanut j\u00e4senmaksuaan kahtena per\u00e4kk\u00e4isen\u00e4 vuotena. Hallituksen j\u00e4senet voidaan vapauttaa j\u00e4senmaksuvelvoitteesta tilikaudeksi kerrallaan syyskokouksen p\u00e4\u00e4t\u00f6ksell\u00e4.<\/p>\n\n\n\n<p><strong>Kunniaj\u00e4senet<\/strong><\/p>\n\n\n\n<p>Yhdistyksen kokous voi yksimielisell\u00e4 p\u00e4\u00e4t\u00f6ksell\u00e4 kutsua yhdistyksen kunniaj\u00e4seniksi henkil\u00f6it\u00e4, rekister\u00f6ityj\u00e4 s\u00e4\u00e4ti\u00f6it\u00e4 tai oikeuskelpoisia yhteis\u00f6j\u00e4, jotka ovat erityisen arvokkaalla tavalla tukeneet yhdistyksen pyrkimyksi\u00e4. Kunniaj\u00e4senell\u00e4 on t\u00e4ydet j\u00e4senoikeudet, mutta ei j\u00e4senmaksuvelvoitetta.<\/p>\n\n\n\n<p><strong>Kannatusj\u00e4senet<\/strong><\/p>\n\n\n\n<p>Yhdistyksell\u00e4 voi olla kannatusj\u00e4seni\u00e4. Kannatusj\u00e4senill\u00e4 on l\u00e4sn\u00e4olo- ja puheoikeus yhdistyksen kokouksissa, mutta ei \u00e4\u00e4nioikeutta. Kannatusj\u00e4senill\u00e4 ei ole my\u00f6sk\u00e4\u00e4n muita j\u00e4senetuja. Kannatusj\u00e4senet hyv\u00e4ksyy hallitus.<\/p>\n\n\n\n<p><strong>4. Yhdistyksen kokoukset<\/strong><\/p>\n\n\n\n<p><strong>Yhdistyksen kokous<\/strong><\/p>\n\n\n\n<p>P\u00e4\u00e4t\u00f6svaltaa yhdistyksess\u00e4 k\u00e4ytt\u00e4\u00e4 yhdistyksen kokous. Hallitus kutsuu kokouksen koolle kirjallisesti v\u00e4hint\u00e4\u00e4n viikkoa ennen kokousp\u00e4iv\u00e4\u00e4 joko kullekin j\u00e4senelle toimitettavalla s\u00e4hk\u00f6isell\u00e4 tai paperisella j\u00e4senkirjeell\u00e4 tai k\u00e4ytt\u00e4en syyskokouksen hyv\u00e4ksym\u00e4n toimintasuunnitelman m\u00e4\u00e4r\u00e4\u00e4m\u00e4\u00e4 tiedotuskanavaa. Yhdistyksen kokoukseen voidaan osallistua hallituksen tai yhdistyksen kokouksen niin p\u00e4\u00e4tt\u00e4ess\u00e4 tietoliikenneyhteyden tai muun teknisen apuv\u00e4lineen avulla kokouksen aikana tai ennen kokousta.&nbsp;<\/p>\n\n\n\n<p>Kokouskutsun yhteydess\u00e4 on mainittava k\u00e4sitelt\u00e4v\u00e4t asiat. P\u00e4\u00e4t\u00f6kset kokouksessa tehd\u00e4\u00e4n yksinkertaisella \u00e4\u00e4nten enemmist\u00f6ll\u00e4, ellei n\u00e4iss\u00e4 s\u00e4\u00e4nn\u00f6iss\u00e4 toisin m\u00e4\u00e4r\u00e4t\u00e4. \u00c4\u00e4nten menness\u00e4 tasan kokouksen puheenjohtajan \u00e4\u00e4ni ratkaisee, mutta vaaleissa arpa.&nbsp;<\/p>\n\n\n\n<p>Ylim\u00e4\u00e4r\u00e4inen kokous on pidett\u00e4v\u00e4, kun yhdistyksen kokous niin p\u00e4\u00e4tt\u00e4\u00e4 tai hallitus katsoo siihen olevan aihetta taikka v\u00e4hint\u00e4\u00e4n yksi kymmenesosa yhdistyksen \u00e4\u00e4nioikeutetuista j\u00e4senist\u00e4 sit\u00e4 ilmoittamansa asian k\u00e4sittely\u00e4 varten vaatii.<\/p>\n\n\n\n<p><strong>Yhdistyksen kokousten j\u00e4rjest\u00e4ytyminen<\/strong><\/p>\n\n\n\n<p>Kokouksen avaa yhdistyksen puheenjohtaja tai t\u00e4m\u00e4n ollessa estyneen\u00e4 joku muu hallituksen j\u00e4sen. Valitaan lain vaatimat toimihenkil\u00f6t, mukaan lukien kaksi p\u00f6yt\u00e4kirjantarkastajaa. P\u00f6yt\u00e4kirjantarkastajat toimivat tarvittaessa \u00e4\u00e4ntenlaskijoina.<\/p>\n\n\n\n<p><strong>Yhdistyksen syyskokous<\/strong><\/p>\n\n\n\n<p>Syyskokous pidet\u00e4\u00e4n loka-joulukuussa. Kokouksessa k\u00e4sitell\u00e4\u00e4n seuraavat asiat:<\/p>\n\n\n\n<ol class=\"wp-block-list\">\n<li>valitaan seuraavaksi vuodeksi hallituksen puheenjohtaja, joka toimii my\u00f6s yhdistyksen puheenjohtajana<\/li>\n\n\n\n<li>valitaan seuraavaksi vuodeksi hallitukseen 2-9 muuta j\u00e4sent\u00e4<\/li>\n\n\n\n<li>hyv\u00e4ksyt\u00e4\u00e4n seuraavan vuoden toimintasuunnitelma ja talousarvio sek\u00e4 p\u00e4\u00e4tet\u00e4\u00e4n j\u00e4senmaksujen suuruus<\/li>\n\n\n\n<li>valitaan seuraavaksi vuodeksi tilintarkastaja ja varatilintarkastaja<\/li>\n\n\n\n<li>k\u00e4sitell\u00e4\u00e4n muut kokouskutsussa mainitut asiat<\/li>\n<\/ol>\n\n\n\n<p><strong>Yhdistyksen kev\u00e4tkokous<\/strong><\/p>\n\n\n\n<p>Kev\u00e4tkokous pidet\u00e4\u00e4n maalis-toukokuussa. Kokouksessa k\u00e4sitell\u00e4\u00e4n seuraavat asiat:<\/p>\n\n\n\n<ol class=\"wp-block-list\">\n<li>esitell\u00e4\u00e4n edellisen vuoden toimintakertomus ja tilinp\u00e4\u00e4t\u00f6s ja p\u00e4\u00e4tet\u00e4\u00e4n niiden hyv\u00e4ksymisest\u00e4<\/li>\n\n\n\n<li>p\u00e4\u00e4tet\u00e4\u00e4n tili- ja vastuuvapauden my\u00f6nt\u00e4misest\u00e4 edellisen vuoden hallitukselle ja muille tilivelvollisille<\/li>\n\n\n\n<li>k\u00e4sitell\u00e4\u00e4n muut kokouskutsussa mainitut asiat<\/li>\n<\/ol>\n\n\n\n<p><strong>5. Yhdistyksen tili- ja toimikausi<\/strong><\/p>\n\n\n\n<p>Yhdistyksen tili- ja toimikausi on kalenterivuosi.<\/p>\n\n\n\n<p><strong>6. Yhdistyksen hallitus<\/strong><\/p>\n\n\n\n<p>Yhdistyksen syyskokouksen valitsema hallitus k\u00e4ytt\u00e4\u00e4 yhdistyksen toimeenpanovaltaa. Hallitus valmistelee yhdistyksen kokoukselle esitett\u00e4v\u00e4t asiat. Hallitus on toiminnastaan vastuussa yhdistyksen kokoukselle. Hallitus valitsee j\u00e4rjest\u00e4ytymiskokouksessaan keskuudestaan varapuheenjohtajan ja sihteerin, jotka toimivat my\u00f6s yhdistyksen varapuheenjohtajana ja sihteerin\u00e4. Puheenjohtaja tai t\u00e4m\u00e4n ollessa estyneen\u00e4 varapuheenjohtaja kutsuu hallituksen koolle v\u00e4hint\u00e4\u00e4n kolme p\u00e4iv\u00e4\u00e4 ennen kokousta. Kokous on p\u00e4\u00e4t\u00f6svaltainen, jos paikalla on v\u00e4hint\u00e4\u00e4n puolet hallituksen j\u00e4senist\u00e4.<\/p>\n\n\n\n<p><strong>7. Tilinp\u00e4\u00e4t\u00f6s<\/strong><\/p>\n\n\n\n<p>Tilinp\u00e4\u00e4t\u00f6s on toimitettava tilintarkastajille v\u00e4hint\u00e4\u00e4n kolme viikkoa ennen kev\u00e4tkokousta.<\/p>\n\n\n\n<p><strong>8. Yhdistyksen nimen kirjoittaminen<\/strong><\/p>\n\n\n\n<p>Yhdistyksen nimen kirjoittaa puheenjohtaja, varapuheenjohtaja, taloudenhoitaja, sihteeri tai hallituksen oikeuttama henkil\u00f6, kukin erikseen.<\/p>\n\n\n\n<p><strong>9. Yhdistyksen s\u00e4\u00e4nt\u00f6jen muuttaminen<\/strong><\/p>\n\n\n\n<p>Muutoksia n\u00e4ihin s\u00e4\u00e4nt\u00f6ihin voidaan tehd\u00e4 varsinaisissa ja ylim\u00e4\u00e4r\u00e4isiss\u00e4 yhdistyksen kokouksissa, jos asiasta on kokouskutsussa mainittu ja jos muutosten puolesta annetaan v\u00e4hint\u00e4\u00e4n \u2154 \u00e4\u00e4nestyksess\u00e4 annetuista \u00e4\u00e4nist\u00e4.<\/p>\n\n\n\n<p><strong>10. Yhdistyksen purkaminen<\/strong><\/p>\n\n\n\n<p>Yhdistyksen purkautuessa sen arkisto ja varat luovutetaan sarjakuvan tai sen l\u00e4hell\u00e4 olevien kulttuuripiirteiden tutkimuksesta kiinnostuneille oikeuskelpoisille yhteis\u00f6ille tai s\u00e4\u00e4ti\u00f6ille. Luovuttamisesta p\u00e4\u00e4tt\u00e4\u00e4 tarkemmin purkukokous. Yhdistyksen purkamisp\u00e4\u00e4t\u00f6s on teht\u00e4v\u00e4 kahdessa per\u00e4tt\u00e4isess\u00e4 kokouksessa, edellisess\u00e4 v\u00e4hint\u00e4\u00e4n \u215a enemmist\u00f6ll\u00e4, j\u00e4lkimm\u00e4isess\u00e4 \u2154 enemmist\u00f6ll\u00e4 annetuista \u00e4\u00e4nist\u00e4. Kokousten v\u00e4lisen ajan tulee olla v\u00e4hint\u00e4\u00e4n kaksi viikkoa. Purkamisesta on erikseen ilmoitettava kokouskutsuissa.<\/p>\n","protected":false},"excerpt":{"rendered":"<p>1. Yhdistyksen nimi ja kotipaikka Yhdistyksen nimi on Turun sarjakuvaseura ry ja kotipaikka Turku. 2. Yhdistyksen tarkoitus Yhdistyksen tarkoituksena on &hellip; <span class=\"more-button\"><a href=\"https:\/\/turunsarjakuvaseura.fi\/wordpress\/en\/turun-sarjakuvakerho-ryn-saannot\/\" class=\"more-link\">Lue lis\u00e4\u00e4<span class=\"screen-reader-text\">Turun Sarjakuvaseura ry:n s\u00e4\u00e4nn\u00f6t<\/span><\/a><\/span><\/p>\n","protected":false},"author":2,"featured_media":0,"parent":0,"menu_order":0,"comment_status":"closed","ping_status":"closed","template":"","meta":{"footnotes":""},"class_list":["post-435","page","type-page","status-publish","hentry"],"_links":{"self":[{"href":"https:\/\/turunsarjakuvaseura.fi\/wordpress\/en\/wp-json\/wp\/v2\/pages\/435","targetHints":{"allow":["GET"]}}],"collection":[{"href":"https:\/\/turunsarjakuvaseura.fi\/wordpress\/en\/wp-json\/wp\/v2\/pages"}],"about":[{"href":"https:\/\/turunsarjakuvaseura.fi\/wordpress\/en\/wp-json\/wp\/v2\/types\/page"}],"author":[{"embeddable":true,"href":"https:\/\/turunsarjakuvaseura.fi\/wordpress\/en\/wp-json\/wp\/v2\/users\/2"}],"replies":[{"embeddable":true,"href":"https:\/\/turunsarjakuvaseura.fi\/wordpress\/en\/wp-json\/wp\/v2\/comments?post=435"}],"version-history":[{"count":3,"href":"https:\/\/turunsarjakuvaseura.fi\/wordpress\/en\/wp-json\/wp\/v2\/pages\/435\/revisions"}],"predecessor-version":[{"id":556,"href":"https:\/\/turunsarjakuvaseura.fi\/wordpress\/en\/wp-json\/wp\/v2\/pages\/435\/revisions\/556"}],"wp:attachment":[{"href":"https:\/\/turunsarjakuvaseura.fi\/wordpress\/en\/wp-json\/wp\/v2\/media?parent=435"}],"curies":[{"name":"wp","href":"https:\/\/api.w.org\/{rel}","templated":true}]}}