{"id":258,"date":"2020-01-17T20:13:44","date_gmt":"2020-01-17T18:13:44","guid":{"rendered":"https:\/\/turunsarjakuvaseura.fi\/wordpress\/?page_id=258"},"modified":"2025-11-11T21:45:06","modified_gmt":"2025-11-11T19:45:06","slug":"tursake-ry","status":"publish","type":"page","link":"https:\/\/turunsarjakuvaseura.fi\/wordpress\/tursake-ry\/","title":{"rendered":"Tursas"},"content":{"rendered":"\n<p><strong>Turun Sarjakuvaseura ry.<\/strong> eli <strong>Tursas<\/strong> on Suomen vanhin paikallinen sarjakuvaseura, jonka toimipiste sijaitsee Taiteen talon 5. kerroksessa, Kirjan talon tiloissa. Toimintaamme kuuluu muun muassa Turun Sarjakuvafestivaalien toteutus, vuosittaisen antologian julkaisu sek\u00e4 kurssien ja pajojen j\u00e4rjest\u00e4minen.<\/p>\n\n\n\n<p>Seuran toiminta on tarkoitettu sek\u00e4 ammattilaistekij\u00f6ille ett\u00e4 sarjakuvan harrastajille. Seura v\u00e4litt\u00e4\u00e4 t\u00f6it\u00e4 ammattilaisille ja edist\u00e4\u00e4 sarjakuvan asemaa Turussa. Seura tarjoaa my\u00f6s mahdollisuuden esimerkiksi graafisen alan, sarjakuvan tai taloushallinnon ty\u00f6harjoittelun suorittamiseen.<\/p>\n\n\n\n<p>Seuran j\u00e4senet voivat varata ilmaiseksi seuran v\u00e4lineit\u00e4, kuten A3-skanneria ja pinssikonetta. J\u00e4senet saavat ilmaisen kappaleen vuosiantologiaa, ja j\u00e4senkortilla saa alennuksia mm. Turun Sarjakuvakaupasta. Lue lis\u00e4\u00e4 j\u00e4senyydest\u00e4 ja sen tuomista eduista J\u00e4senyys-sivulta.<\/p>\n\n\n\n<p>Lis\u00e4ksi Tursas j\u00e4rjest\u00e4\u00e4 kaikille avoimia Tursantai-nimell\u00e4 kulkevia baari-iltoja, joissa ker\u00e4\u00e4nnyt\u00e4\u00e4n piirt\u00e4m\u00e4\u00e4n ja viett\u00e4m\u00e4\u00e4n aikaa rennossa tunnelmassa. Seuralaisten kesken j\u00e4rjestet\u00e4\u00e4n my\u00f6s yhteisi\u00e4 bileit\u00e4. Seurassa noudatetaan turvallisemman tilan s\u00e4\u00e4nt\u00f6j\u00e4 ja l\u00e4ht\u00f6kohtana on, ett\u00e4 toiminta on kaikille avointa. Voit liitty\u00e4 my\u00f6s kerhon <a href=\"https:\/\/www.sarjakuvakauppa.fi\/mailman\/listinfo\/supersankarit\">s\u00e4hk\u00f6postilistalle<\/a>, jossa tiedotamme s\u00e4\u00e4nn\u00f6llisen ep\u00e4s\u00e4\u00e4nn\u00f6llisesti seuran toiminnasta ja esim. vuosikokouksista!<\/p>\n\n\n\n<p>Tervetuloa mukaan tursastelemaan!<\/p>\n\n\n\n<div class=\"wp-block-columns is-layout-flex wp-container-core-columns-is-layout-9d6595d7 wp-block-columns-is-layout-flex\">\n<div class=\"wp-block-column is-layout-flow wp-block-column-is-layout-flow\" style=\"flex-basis:33.33%\">\n<h4 class=\"wp-block-heading\"><strong>Seuran hallitus 202<\/strong>6<\/h4>\n\n\n\n<ul class=\"wp-block-list\">\n<li>Pinja Peltonen (puheenjohtaja)<\/li>\n\n\n\n<li>Juhani Gradistanac (varapj)<\/li>\n\n\n\n<li>Topi Saavalainen (sihteeri)<\/li>\n<\/ul>\n\n\n\n<h4 class=\"wp-block-heading\">Seuran tiedot<\/h4>\n\n\n\n<p>Turun Sarjakuvaseura ry.<br>c\/o Taiteen talo<br>Nunnankatu 4<br>20700 Turku<br>Hallitus: hallitus@turunsarjakuvakerho.net<br>Talousasiat: talous.turunsarjakuvaseura@gmail.com<\/p>\n\n\n\n<p><strong>Tilitiedot<\/strong><br>IBAN: FI11 5710 0420 6635 51<\/p>\n\n\n\n<p><strong>Y-tunnus<\/strong><br>2325156-6<\/p>\n<\/div>\n\n\n\n<div class=\"wp-block-column is-layout-flow wp-block-column-is-layout-flow\" style=\"flex-basis:66.66%\">\n<figure class=\"wp-block-image size-full\"><img loading=\"lazy\" decoding=\"async\" width=\"800\" height=\"808\" src=\"https:\/\/turunsarjakuvaseura.fi\/wordpress\/wp-content\/uploads\/2023\/02\/nunnankatu-4-kartta.png\" alt=\"\" class=\"wp-image-498\" srcset=\"https:\/\/turunsarjakuvaseura.fi\/wordpress\/wp-content\/uploads\/2023\/02\/nunnankatu-4-kartta.png 800w, https:\/\/turunsarjakuvaseura.fi\/wordpress\/wp-content\/uploads\/2023\/02\/nunnankatu-4-kartta-297x300.png 297w, https:\/\/turunsarjakuvaseura.fi\/wordpress\/wp-content\/uploads\/2023\/02\/nunnankatu-4-kartta-768x776.png 768w, https:\/\/turunsarjakuvaseura.fi\/wordpress\/wp-content\/uploads\/2023\/02\/nunnankatu-4-kartta-100x100.png 100w, https:\/\/turunsarjakuvaseura.fi\/wordpress\/wp-content\/uploads\/2023\/02\/nunnankatu-4-kartta-50x50.png 50w\" sizes=\"auto, (max-width: 800px) 100vw, 800px\" \/><\/figure>\n<\/div>\n<\/div>\n","protected":false},"excerpt":{"rendered":"<p>Turun Sarjakuvaseura ry. eli Tursas on Suomen vanhin paikallinen sarjakuvaseura, jonka toimipiste sijaitsee Taiteen talon 5. kerroksessa, Kirjan talon tiloissa. &hellip; <span class=\"more-button\"><a href=\"https:\/\/turunsarjakuvaseura.fi\/wordpress\/tursake-ry\/\" class=\"more-link\">Lue lis\u00e4\u00e4<span class=\"screen-reader-text\">Tursas<\/span><\/a><\/span><\/p>\n","protected":false},"author":1,"featured_media":0,"parent":0,"menu_order":0,"comment_status":"closed","ping_status":"closed","template":"","meta":{"footnotes":""},"class_list":["post-258","page","type-page","status-publish","hentry"],"_links":{"self":[{"href":"https:\/\/turunsarjakuvaseura.fi\/wordpress\/wp-json\/wp\/v2\/pages\/258","targetHints":{"allow":["GET"]}}],"collection":[{"href":"https:\/\/turunsarjakuvaseura.fi\/wordpress\/wp-json\/wp\/v2\/pages"}],"about":[{"href":"https:\/\/turunsarjakuvaseura.fi\/wordpress\/wp-json\/wp\/v2\/types\/page"}],"author":[{"embeddable":true,"href":"https:\/\/turunsarjakuvaseura.fi\/wordpress\/wp-json\/wp\/v2\/users\/1"}],"replies":[{"embeddable":true,"href":"https:\/\/turunsarjakuvaseura.fi\/wordpress\/wp-json\/wp\/v2\/comments?post=258"}],"version-history":[{"count":21,"href":"https:\/\/turunsarjakuvaseura.fi\/wordpress\/wp-json\/wp\/v2\/pages\/258\/revisions"}],"predecessor-version":[{"id":639,"href":"https:\/\/turunsarjakuvaseura.fi\/wordpress\/wp-json\/wp\/v2\/pages\/258\/revisions\/639"}],"wp:attachment":[{"href":"https:\/\/turunsarjakuvaseura.fi\/wordpress\/wp-json\/wp\/v2\/media?parent=258"}],"curies":[{"name":"wp","href":"https:\/\/api.w.org\/{rel}","templated":true}]}}