{"id":261,"date":"2020-01-17T20:39:45","date_gmt":"2020-01-17T18:39:45","guid":{"rendered":"https:\/\/turunsarjakuvaseura.fi\/wordpress\/?page_id=261"},"modified":"2025-07-21T12:30:33","modified_gmt":"2025-07-21T09:30:33","slug":"jasenyys","status":"publish","type":"page","link":"https:\/\/turunsarjakuvaseura.fi\/wordpress\/jasenyys\/","title":{"rendered":"J\u00e4senyys"},"content":{"rendered":"\n<h2 class=\"wp-block-heading\">Liity j\u00e4seneksi!<\/h2>\n\n\n\n<p>Turun Sarjakuvaseuran j\u00e4senmaksu on <strong>aikuisille 18 \u20ac<\/strong> ja alle <strong>18-vuotiaille 8 \u20ac.<\/strong> J\u00e4senmaksuun sis\u00e4ltyy kyseisen vuoden sarjakuva-antologia, joka ilmestyy yleens\u00e4 alkusyksyst\u00e4. Aikaisemmista antologioista l\u00f6ytyy lis\u00e4tietoa <a href=\"http:\/\/www.turunsarjakuvakerho.net\/?page_id=542\">Julkaisut<\/a>-sivulla.<\/p>\n\n\n\n<p>Muut j\u00e4senedut 2025:<\/p>\n\n\n\n<ul class=\"wp-block-list\">\n<li><a href=\"https:\/\/www.fantasiapelit.com\/index.php\">Fantasiapelit Turku:<\/a> Sarjakuvat sek\u00e4 sarjakuviin liittyv\u00e4t oheistuotteet 10 % alennus yli 20 euron ostoista<\/li>\n\n\n\n<li><a href=\"http:\/\/www.sarjakuvakauppa.fi\/\">Turun Sarjakuvakauppa:<\/a> -10 % normaalihintaisista tuotteista<\/li>\n\n\n\n<li><a href=\"https:\/\/www.alfaantikva.fi\">Alfa Antikva<\/a>: -10% normaalihintaisista tuotteista<\/li>\n\n\n\n<li>K\u00e4ytt\u00f6oikeus seuran <strong>pinssikoneeseen, skanneriin, kopiokoneeseen<\/strong> sek\u00e4 <strong>kalibrointilaitteeseen;<\/strong> kysy lis\u00e4tietoa n\u00e4iden k\u00e4yt\u00f6st\u00e4 <a href=\"mailto:hallitus@turunsarjakuvaseura.fi\">s\u00e4hk\u00f6postilla!<\/a><\/li>\n<\/ul>\n\n\n\n<p>Voit liitty\u00e4 Turun Sarjakuvaseuran j\u00e4seneksi maksamalla j\u00e4senmaksun seuran tilille <strong>FI11 5710 0420 6635 51<\/strong> (Huom! Kirjoita <strong>nimesi<\/strong> viestikentt\u00e4\u00e4n) ja t\u00e4ytt\u00e4m\u00e4ll\u00e4 <a href=\"https:\/\/docs.google.com\/forms\/d\/e\/1FAIpQLSePLxkS-QrQINOtJcISligka5sdTHq-nK5HK94gANVBlHfh_w\/viewform?usp=sf_link\">j\u00e4senhakemuslomakkeen<\/a>. Voit my\u00f6s liitty\u00e4 paikan p\u00e4\u00e4ll\u00e4 Kirjan talolla seuran piirustusilloissa tai muissa tapahtumissa.<\/p>\n\n\n\n<p>Jos olet maksanut j\u00e4senmaksun aikaisempina vuosina eiv\u00e4tk\u00e4 yhteystietosi ole muuttuneet, ei sinun tarvitse t\u00e4ytt\u00e4\u00e4 lomaketta uudelleen. J\u00e4senen\u00e4 pysymiseen riitt\u00e4\u00e4, ett\u00e4 maksat j\u00e4senmaksun yll\u00e4mainitulle tilille. Jos yhteystietosi ovat muuttuneet, t\u00e4yt\u00e4 j\u00e4senhakemuslomake uudelleen, jotta voimme p\u00e4ivitt\u00e4\u00e4 tietosi. Supersankarit-s\u00e4hk\u00f6postilista pit\u00e4\u00e4 sinut ajan tasalla siit\u00e4, mit\u00e4 seurassa tapahtuu. Listalle voit liitty\u00e4 my\u00f6s ilman j\u00e4senyytt\u00e4 <a href=\"https:\/\/www.sarjakuvakauppa.fi\/mailman\/listinfo\/supersankarit\">t\u00e4m\u00e4n linkin kautta<\/a>. <\/p>\n","protected":false},"excerpt":{"rendered":"<p>Liity j\u00e4seneksi! Turun Sarjakuvaseuran j\u00e4senmaksu on aikuisille 18 \u20ac ja alle 18-vuotiaille 8 \u20ac. J\u00e4senmaksuun sis\u00e4ltyy kyseisen vuoden sarjakuva-antologia, joka &hellip; <span class=\"more-button\"><a href=\"https:\/\/turunsarjakuvaseura.fi\/wordpress\/jasenyys\/\" class=\"more-link\">Lue lis\u00e4\u00e4<span class=\"screen-reader-text\">J\u00e4senyys<\/span><\/a><\/span><\/p>\n","protected":false},"author":1,"featured_media":0,"parent":0,"menu_order":0,"comment_status":"closed","ping_status":"closed","template":"","meta":{"footnotes":""},"class_list":["post-261","page","type-page","status-publish","hentry"],"_links":{"self":[{"href":"https:\/\/turunsarjakuvaseura.fi\/wordpress\/wp-json\/wp\/v2\/pages\/261","targetHints":{"allow":["GET"]}}],"collection":[{"href":"https:\/\/turunsarjakuvaseura.fi\/wordpress\/wp-json\/wp\/v2\/pages"}],"about":[{"href":"https:\/\/turunsarjakuvaseura.fi\/wordpress\/wp-json\/wp\/v2\/types\/page"}],"author":[{"embeddable":true,"href":"https:\/\/turunsarjakuvaseura.fi\/wordpress\/wp-json\/wp\/v2\/users\/1"}],"replies":[{"embeddable":true,"href":"https:\/\/turunsarjakuvaseura.fi\/wordpress\/wp-json\/wp\/v2\/comments?post=261"}],"version-history":[{"count":16,"href":"https:\/\/turunsarjakuvaseura.fi\/wordpress\/wp-json\/wp\/v2\/pages\/261\/revisions"}],"predecessor-version":[{"id":628,"href":"https:\/\/turunsarjakuvaseura.fi\/wordpress\/wp-json\/wp\/v2\/pages\/261\/revisions\/628"}],"wp:attachment":[{"href":"https:\/\/turunsarjakuvaseura.fi\/wordpress\/wp-json\/wp\/v2\/media?parent=261"}],"curies":[{"name":"wp","href":"https:\/\/api.w.org\/{rel}","templated":true}]}}