{"id":265,"date":"2020-01-17T20:43:04","date_gmt":"2020-01-17T18:43:04","guid":{"rendered":"https:\/\/turunsarjakuvaseura.fi\/wordpress\/?page_id=265"},"modified":"2025-11-11T21:45:30","modified_gmt":"2025-11-11T19:45:30","slug":"kerhotavarat","status":"publish","type":"page","link":"https:\/\/turunsarjakuvaseura.fi\/wordpress\/kerhotavarat\/","title":{"rendered":"Seuran tavarat"},"content":{"rendered":"\n<p>Varaukset, kysymykset ja yhteydenotot suunnataan Sarjakuvaseuran toimistolle turunsarjakuvakerho@gmail.com. Kirjan talolla ei ole vakituista p\u00e4ivystyst\u00e4 ja ovet ovat lukossa, joten v\u00e4lt\u00e4 pettymykset ja ole yhteydess\u00e4 etuk\u00e4teen!<\/p>\n\n\n\n<p><strong>Skanneri<\/strong><\/p>\n\n\n\n<p>Sarjakuvaseuralla on laadukas A3-skanneri (Epson GT-2000), jota j\u00e4senet voivat k\u00e4ytt\u00e4\u00e4 omien piirustustensa ja maalaustensa siirt\u00e4miseen digitaaliseen muotoon.<\/p>\n\n\n\n<p>K\u00e4ytt\u00f6ohjeet:<\/p>\n\n\n\n<ul class=\"wp-block-list\">\n<li>Skanneria saavat k\u00e4ytt\u00e4\u00e4 ainoastaan Turun Sarjakuvaseura ry:n j\u00e4senmaksun maksaneet henkil\u00f6t<\/li>\n\n\n\n<li>Skanneri on tarkoitettu itsepalveluk\u00e4ytt\u00f6\u00f6n.<\/li>\n\n\n\n<li>Skanneria p\u00e4\u00e4see k\u00e4ytt\u00e4m\u00e4\u00e4n varaamalla ajan s\u00e4hk\u00f6postitse osoitteesta turunsarjakuvakerho@gmail.com. Aikoja varataan kaksi tuntia kerrallaan.<\/li>\n\n\n\n<li>Skanneria tulee k\u00e4ytt\u00e4\u00e4 varovaisesti ja v\u00e4ltt\u00e4\u00e4 lasipintojen tahrimista ja naarmuttamista. Jos skanneri vaurioituu, skannaaja on vastuussa vaurion korvaamisesta.<\/li>\n\n\n\n<li>Skannerin yhteydess\u00e4 on tietokone. Tietokoneeseen ei saa asentaa ylim\u00e4\u00e4r\u00e4isi\u00e4 ohjelmia. Skanneria on mahdollista k\u00e4ytt\u00e4\u00e4 my\u00f6s omalla kannettavalla tietokoneella.<\/li>\n<\/ul>\n\n\n\n<p><strong>Pinssikone<\/strong><\/p>\n\n\n\n<p>Sarjakuvaseuran pinssikone on veloituksetta j\u00e4senten k\u00e4yt\u00f6ss\u00e4. Vaatimuksena on, ett\u00e4 k\u00e4ytt\u00e4j\u00e4 on saanut opastuksen koneen k\u00e4ytt\u00f6\u00f6n; opatusta voi pyyt\u00e4\u00e4 seuran edustajilta silloin, kun toimistolla on p\u00e4ivystys, tai kun paikalla muutoin on seuran edustaja esim. piirtovintiss\u00e4. L\u00e4ht\u00f6kohtaisesti konetta k\u00e4ytet\u00e4\u00e4n seuran tiloissa, mutta koneen lainaamisesta ulos panttia ja pient\u00e4 k\u00e4ytt\u00f6maksua vastaan voi neuvotella. Kone sy\u00f6 py\u00f6reit\u00e4 39 ja 59 mm pinssipohjia, joita voi ostaa seuran edustajalta j\u00e4senhintaan 4 \u20ac \/ 10 aihiota.<\/p>\n\n\n\n<p><strong>Paviljonkiteltta<\/strong><\/p>\n\n\n\n<p>Sarjakuvaseuralla on 3 m x 3 m sininen paviljonkiteltta, jota j\u00e4senet voivat vuokrata hintaan 20 \u20ac\/vrk tai 50 \u20ac\/viikonloppu.<\/p>\n","protected":false},"excerpt":{"rendered":"<p>Varaukset, kysymykset ja yhteydenotot suunnataan Sarjakuvaseuran toimistolle turunsarjakuvakerho@gmail.com. Kirjan talolla ei ole vakituista p\u00e4ivystyst\u00e4 ja ovet ovat lukossa, joten v\u00e4lt\u00e4 &hellip; <span class=\"more-button\"><a href=\"https:\/\/turunsarjakuvaseura.fi\/wordpress\/kerhotavarat\/\" class=\"more-link\">Lue lis\u00e4\u00e4<span class=\"screen-reader-text\">Seuran tavarat<\/span><\/a><\/span><\/p>\n","protected":false},"author":1,"featured_media":0,"parent":0,"menu_order":0,"comment_status":"closed","ping_status":"closed","template":"","meta":{"footnotes":""},"class_list":["post-265","page","type-page","status-publish","hentry"],"_links":{"self":[{"href":"https:\/\/turunsarjakuvaseura.fi\/wordpress\/wp-json\/wp\/v2\/pages\/265","targetHints":{"allow":["GET"]}}],"collection":[{"href":"https:\/\/turunsarjakuvaseura.fi\/wordpress\/wp-json\/wp\/v2\/pages"}],"about":[{"href":"https:\/\/turunsarjakuvaseura.fi\/wordpress\/wp-json\/wp\/v2\/types\/page"}],"author":[{"embeddable":true,"href":"https:\/\/turunsarjakuvaseura.fi\/wordpress\/wp-json\/wp\/v2\/users\/1"}],"replies":[{"embeddable":true,"href":"https:\/\/turunsarjakuvaseura.fi\/wordpress\/wp-json\/wp\/v2\/comments?post=265"}],"version-history":[{"count":7,"href":"https:\/\/turunsarjakuvaseura.fi\/wordpress\/wp-json\/wp\/v2\/pages\/265\/revisions"}],"predecessor-version":[{"id":640,"href":"https:\/\/turunsarjakuvaseura.fi\/wordpress\/wp-json\/wp\/v2\/pages\/265\/revisions\/640"}],"wp:attachment":[{"href":"https:\/\/turunsarjakuvaseura.fi\/wordpress\/wp-json\/wp\/v2\/media?parent=265"}],"curies":[{"name":"wp","href":"https:\/\/api.w.org\/{rel}","templated":true}]}}